{"id":17523,"date":"2018-08-07T19:44:05","date_gmt":"2018-08-07T16:44:05","guid":{"rendered":"https:\/\/bitkibilgi.com\/?page_id=17523"},"modified":"2025-01-02T20:36:54","modified_gmt":"2025-01-02T17:36:54","slug":"kunye","status":"publish","type":"page","link":"https:\/\/bitkibilgi.com\/en\/kunye\/","title":{"rendered":"Tag"},"content":{"rendered":"<p><strong>Kurucu &amp; Dan\u0131\u015fman<\/strong><br \/>\nFahrettin Boztepe<\/p>\n<p><strong>Online Ma\u011fazalar<\/strong><br \/>\n<a href=\"http:\/\/www.aktarland.com\/\" target=\"_blank\" rel=\"noopener\">www.aktarland.com<\/a><br \/>\nHac\u0131 \u0130lyas mah.3.Din\u00e7 sok No 15<br \/>\nSantral: 0224 224 10 10<br \/>\nMobil:\u00a0 \u00a00543 224 10 10<\/p>\n<p><a href=\"http:\/\/www.dizdarbaharat.com.tr\/\" target=\"_blank\" rel=\"noopener\">www.dizdarbaharat.com.tr<\/a><br \/>\nHac\u0131 \u0130lyas mah.3.Din\u00e7 sok No 15\/A<br \/>\nSantral: 0224 224 10 10<br \/>\nMobil:\u00a0 \u00a00543 224 10 10<\/p>\n<p><strong>\u0130leti\u015fim<\/strong><br \/>\nE-posta:\u00a0<a href=\"mailto:bilgi@bitkibilgi.com\" target=\"_blank\" rel=\"noopener\">bilgi@bitkibilgi.com<\/a><\/p>\n<p><strong>Ofis Adresi<\/strong><br \/>\nHac\u0131 \u0130lyas mah.3.Din\u00e7 Sokak No 15 Kat 1 Daire 1-2<\/p>\n<p>Santral: 0224 224 10 10<br \/>\nMobil:\u00a0 \u00a00543 224 10 10<\/p>\n<p><strong>Map<\/strong><br \/>\nClick here for Google Maps map<\/p>\n<p><strong>Biz Bir Ekibiz<\/strong><\/p>\n<ul>\n<li>Proje ve Reklam Y\u00f6netimi: Yakup Bilgetekin<\/li>\n<li>Edit\u00f6r: Fahrettin Boztepe, Nurhan Boztepe<\/li>\n<li>Prod\u00fcksiyon: Yakup Billgetekin, Murat Pehlivan<\/li>\n<li>Forum Y\u00f6neticileri: Fahrettin Boztepe, Nurhan Boztepe<\/li>\n<li>Hukuk Dan\u0131\u015fman\u0131: Av. Mustafa Noyan<\/li>\n<\/ul>","protected":false},"excerpt":{"rendered":"<p>Kurucu &amp; Dan\u0131\u015fman Fahrettin Boztepe Online Ma\u011fazalar www.aktarland.com Hac\u0131 \u0130lyas mah.3.Din\u00e7 sok No 15 Santral: 0224 224 10 10 Mobil:\u00a0 \u00a00543 224 10 10 www.dizdarbaharat.com.tr Hac\u0131 \u0130lyas mah.3.Din\u00e7 sok No 15\/A Santral: 0224 224 10 10 Mobil:\u00a0 \u00a00543 224 10 10 \u0130leti\u015fim E-posta:\u00a0bilgi@bitkibilgi.com Ofis Adresi Hac\u0131 \u0130lyas mah.3.Din\u00e7 Sokak No 15 Kat 1 Daire 1-2<\/p>","protected":false},"author":1,"featured_media":0,"parent":0,"menu_order":0,"comment_status":"closed","ping_status":"closed","template":"","meta":{"footnotes":""},"class_list":["post-17523","page","type-page","status-publish","hentry"],"yoast_head":"<!-- This site is optimized with the Yoast SEO Premium plugin v27.2 (Yoast SEO v27.4) - https:\/\/yoast.com\/product\/yoast-seo-premium-wordpress\/ -->\n<title>K\u00fcnye - Bitki Bilgi<\/title>\n<meta name=\"robots\" content=\"index, follow, max-snippet:-1, max-image-preview:large, max-video-preview:-1\" \/>\n<link rel=\"canonical\" href=\"https:\/\/bitkibilgi.com\/en\/kunye\/\" \/>\n<meta property=\"og:locale\" content=\"en_US\" \/>\n<meta property=\"og:type\" content=\"article\" \/>\n<meta property=\"og:title\" content=\"K\u00fcnye\" \/>\n<meta property=\"og:description\" content=\"Kurucu &amp; Dan\u0131\u015fman Fahrettin Boztepe Online Ma\u011fazalar www.aktarland.com Hac\u0131 \u0130lyas mah.3.Din\u00e7 sok No 15 Santral: 0224 224 10 10 Mobil:\u00a0 \u00a00543 224 10 10 www.dizdarbaharat.com.tr Hac\u0131 \u0130lyas mah.3.Din\u00e7 sok No 15\/A Santral: 0224 224 10 10 Mobil:\u00a0 \u00a00543 224 10 10 \u0130leti\u015fim E-posta:\u00a0bilgi@bitkibilgi.com Ofis Adresi Hac\u0131 \u0130lyas mah.3.Din\u00e7 Sokak No 15 Kat 1 Daire 1-2\" \/>\n<meta property=\"og:url\" content=\"https:\/\/bitkibilgi.com\/en\/kunye\/\" \/>\n<meta property=\"og:site_name\" content=\"Bitki Bilgi\" \/>\n<meta property=\"article:publisher\" content=\"https:\/\/www.facebook.com\/\" \/>\n<meta property=\"article:modified_time\" content=\"2025-01-02T17:36:54+00:00\" \/>\n<meta name=\"twitter:card\" content=\"summary_large_image\" \/>\n<script type=\"application\/ld+json\" class=\"yoast-schema-graph\">{\"@context\":\"https:\\\/\\\/schema.org\",\"@graph\":[{\"@type\":\"WebPage\",\"@id\":\"https:\\\/\\\/bitkibilgi.com\\\/kunye\\\/\",\"url\":\"https:\\\/\\\/bitkibilgi.com\\\/kunye\\\/\",\"name\":\"K\u00fcnye - Bitki Bilgi\",\"isPartOf\":{\"@id\":\"https:\\\/\\\/bitkibilgi.com\\\/#website\"},\"datePublished\":\"2018-08-07T16:44:05+00:00\",\"dateModified\":\"2025-01-02T17:36:54+00:00\",\"breadcrumb\":{\"@id\":\"https:\\\/\\\/bitkibilgi.com\\\/kunye\\\/#breadcrumb\"},\"inLanguage\":\"en-US\",\"potentialAction\":[{\"@type\":\"ReadAction\",\"target\":[\"https:\\\/\\\/bitkibilgi.com\\\/kunye\\\/\"]}]},{\"@type\":\"BreadcrumbList\",\"@id\":\"https:\\\/\\\/bitkibilgi.com\\\/kunye\\\/#breadcrumb\",\"itemListElement\":[{\"@type\":\"ListItem\",\"position\":1,\"name\":\"Ana sayfa\",\"item\":\"https:\\\/\\\/bitkibilgi.com\\\/\"},{\"@type\":\"ListItem\",\"position\":2,\"name\":\"K\u00fcnye\"}]},{\"@type\":\"WebSite\",\"@id\":\"https:\\\/\\\/bitkibilgi.com\\\/#website\",\"url\":\"https:\\\/\\\/bitkibilgi.com\\\/\",\"name\":\"Bitki Bilgi\",\"description\":\"Bitkiler ile do\u011fal tedavi bilgileri...\",\"publisher\":{\"@id\":\"https:\\\/\\\/bitkibilgi.com\\\/#organization\"},\"potentialAction\":[{\"@type\":\"SearchAction\",\"target\":{\"@type\":\"EntryPoint\",\"urlTemplate\":\"https:\\\/\\\/bitkibilgi.com\\\/?s={search_term_string}\"},\"query-input\":{\"@type\":\"PropertyValueSpecification\",\"valueRequired\":true,\"valueName\":\"search_term_string\"}}],\"inLanguage\":\"en-US\"},{\"@type\":\"Organization\",\"@id\":\"https:\\\/\\\/bitkibilgi.com\\\/#organization\",\"name\":\"Aktarland\",\"url\":\"https:\\\/\\\/bitkibilgi.com\\\/\",\"logo\":{\"@type\":\"ImageObject\",\"inLanguage\":\"en-US\",\"@id\":\"https:\\\/\\\/bitkibilgi.com\\\/#\\\/schema\\\/logo\\\/image\\\/\",\"url\":\"https:\\\/\\\/bitkibilgi.com\\\/wp-content\\\/uploads\\\/2018\\\/07\\\/bitkibilgi_logomini.png\",\"contentUrl\":\"https:\\\/\\\/bitkibilgi.com\\\/wp-content\\\/uploads\\\/2018\\\/07\\\/bitkibilgi_logomini.png\",\"width\":200,\"height\":80,\"caption\":\"Aktarland\"},\"image\":{\"@id\":\"https:\\\/\\\/bitkibilgi.com\\\/#\\\/schema\\\/logo\\\/image\\\/\"},\"sameAs\":[\"https:\\\/\\\/www.facebook.com\\\/\"]}]}<\/script>\n<!-- \/ Yoast SEO Premium plugin. -->","yoast_head_json":{"title":"K\u00fcnye - Bitki Bilgi","robots":{"index":"index","follow":"follow","max-snippet":"max-snippet:-1","max-image-preview":"max-image-preview:large","max-video-preview":"max-video-preview:-1"},"canonical":"https:\/\/bitkibilgi.com\/en\/kunye\/","og_locale":"en_US","og_type":"article","og_title":"K\u00fcnye","og_description":"Kurucu &amp; Dan\u0131\u015fman Fahrettin Boztepe Online Ma\u011fazalar www.aktarland.com Hac\u0131 \u0130lyas mah.3.Din\u00e7 sok No 15 Santral: 0224 224 10 10 Mobil:\u00a0 \u00a00543 224 10 10 www.dizdarbaharat.com.tr Hac\u0131 \u0130lyas mah.3.Din\u00e7 sok No 15\/A Santral: 0224 224 10 10 Mobil:\u00a0 \u00a00543 224 10 10 \u0130leti\u015fim E-posta:\u00a0bilgi@bitkibilgi.com Ofis Adresi Hac\u0131 \u0130lyas mah.3.Din\u00e7 Sokak No 15 Kat 1 Daire 1-2","og_url":"https:\/\/bitkibilgi.com\/en\/kunye\/","og_site_name":"Bitki Bilgi","article_publisher":"https:\/\/www.facebook.com\/","article_modified_time":"2025-01-02T17:36:54+00:00","twitter_card":"summary_large_image","schema":{"@context":"https:\/\/schema.org","@graph":[{"@type":"WebPage","@id":"https:\/\/bitkibilgi.com\/kunye\/","url":"https:\/\/bitkibilgi.com\/kunye\/","name":"K\u00fcnye - Bitki Bilgi","isPartOf":{"@id":"https:\/\/bitkibilgi.com\/#website"},"datePublished":"2018-08-07T16:44:05+00:00","dateModified":"2025-01-02T17:36:54+00:00","breadcrumb":{"@id":"https:\/\/bitkibilgi.com\/kunye\/#breadcrumb"},"inLanguage":"en-US","potentialAction":[{"@type":"ReadAction","target":["https:\/\/bitkibilgi.com\/kunye\/"]}]},{"@type":"BreadcrumbList","@id":"https:\/\/bitkibilgi.com\/kunye\/#breadcrumb","itemListElement":[{"@type":"ListItem","position":1,"name":"Ana sayfa","item":"https:\/\/bitkibilgi.com\/"},{"@type":"ListItem","position":2,"name":"K\u00fcnye"}]},{"@type":"WebSite","@id":"https:\/\/bitkibilgi.com\/#website","url":"https:\/\/bitkibilgi.com\/","name":"Plant Information","description":"Natural treatment information with plants...","publisher":{"@id":"https:\/\/bitkibilgi.com\/#organization"},"potentialAction":[{"@type":"SearchAction","target":{"@type":"EntryPoint","urlTemplate":"https:\/\/bitkibilgi.com\/?s={search_term_string}"},"query-input":{"@type":"PropertyValueSpecification","valueRequired":true,"valueName":"search_term_string"}}],"inLanguage":"en-US"},{"@type":"Organization","@id":"https:\/\/bitkibilgi.com\/#organization","name":"Transferland","url":"https:\/\/bitkibilgi.com\/","logo":{"@type":"ImageObject","inLanguage":"en-US","@id":"https:\/\/bitkibilgi.com\/#\/schema\/logo\/image\/","url":"https:\/\/bitkibilgi.com\/wp-content\/uploads\/2018\/07\/bitkibilgi_logomini.png","contentUrl":"https:\/\/bitkibilgi.com\/wp-content\/uploads\/2018\/07\/bitkibilgi_logomini.png","width":200,"height":80,"caption":"Aktarland"},"image":{"@id":"https:\/\/bitkibilgi.com\/#\/schema\/logo\/image\/"},"sameAs":["https:\/\/www.facebook.com\/"]}]}},"_links":{"self":[{"href":"https:\/\/bitkibilgi.com\/en\/wp-json\/wp\/v2\/pages\/17523","targetHints":{"allow":["GET"]}}],"collection":[{"href":"https:\/\/bitkibilgi.com\/en\/wp-json\/wp\/v2\/pages"}],"about":[{"href":"https:\/\/bitkibilgi.com\/en\/wp-json\/wp\/v2\/types\/page"}],"author":[{"embeddable":true,"href":"https:\/\/bitkibilgi.com\/en\/wp-json\/wp\/v2\/users\/1"}],"replies":[{"embeddable":true,"href":"https:\/\/bitkibilgi.com\/en\/wp-json\/wp\/v2\/comments?post=17523"}],"version-history":[{"count":10,"href":"https:\/\/bitkibilgi.com\/en\/wp-json\/wp\/v2\/pages\/17523\/revisions"}],"predecessor-version":[{"id":22915,"href":"https:\/\/bitkibilgi.com\/en\/wp-json\/wp\/v2\/pages\/17523\/revisions\/22915"}],"wp:attachment":[{"href":"https:\/\/bitkibilgi.com\/en\/wp-json\/wp\/v2\/media?parent=17523"}],"curies":[{"name":"wp","href":"https:\/\/api.w.org\/{rel}","templated":true}]}}