{"id":3,"date":"2018-07-18T18:17:23","date_gmt":"2018-07-18T15:17:23","guid":{"rendered":"https:\/\/www.blog.aktarland.com\/?page_id=3"},"modified":"2025-01-01T20:18:02","modified_gmt":"2025-01-01T17:18:02","slug":"gizlilik-politikasi","status":"publish","type":"page","link":"https:\/\/bitkibilgi.com\/en\/gizlilik-politikasi\/","title":{"rendered":"Privacy Policy"},"content":{"rendered":"<p>Gizlilik Politikas\u0131<\/p>\n<p>Bu Gizlilik Politikas\u0131, T\u00fcrkiye Cumhuriyeti kanunlar\u0131na g\u00f6re d\u00fczenlenmi\u015ftir ve T\u00fcrkiye Cumhuriyeti mahkemelerinin m\u00fcnhas\u0131r yarg\u0131 yetkisine tabidir.<\/p>\n<p><strong>Hangi Ki\u015fisel Bilgileri Ne Ama\u00e7la Topluyoruz?<\/strong><\/p>\n<ul>\n<li>Yorumlar: Ziyaret\u00e7iler sitede yorum b\u0131rakt\u0131\u011f\u0131nda, yorum formunda g\u00f6sterilen verileri ve ayr\u0131ca istenmeyen yorum tespitine yard\u0131mc\u0131 olmak i\u00e7in ziyaret\u00e7inin IP adresi ve taray\u0131c\u0131 bilgisi metnini de toplar\u0131z.<\/li>\n<li>E-posta adresinizden olu\u015fturulmu\u015f anonimle\u015ftirilmi\u015f bir metin (hash olarak da adland\u0131r\u0131l\u0131r) Gravatar hizmetine, servisi kullan\u0131p kullanmad\u0131\u011f\u0131n\u0131z\u0131 g\u00f6rmek i\u00e7in, sa\u011flanabilir.<\/li>\n<li>Ortam: G\u00f6rselleri web sitesine y\u00fcklerseniz, g\u00f6m\u00fclm\u00fc\u015f konum verileri (EXIF GPS) i\u00e7eren g\u00f6rseller y\u00fcklemekten ka\u00e7\u0131nmal\u0131s\u0131n\u0131z.<\/li>\n<li>\u0130leti\u015fim formlar\u0131: \u0130leti\u015fim formlar\u0131n\u0131 doldurdu\u011funuzda, ad\u0131n\u0131z, e-posta adresiniz ve mesaj\u0131n\u0131z gibi ki\u015fisel bilgilerinizi toplar\u0131z.<\/li>\n<\/ul>\n<p><strong>\u00c7erezler<\/strong><\/p>\n<ul>\n<li>Sitemize bir yorum b\u0131rak\u0131rsan\u0131z, isminizi, e-posta adresinizi ve web sitenizi \u00e7erezlerde kaydetmeyi se\u00e7ebilirsiniz.<\/li>\n<li>Bir hesab\u0131n\u0131z varsa ve bu siteye giri\u015f yaparsan\u0131z, taray\u0131c\u0131n\u0131z\u0131n \u00e7erezleri kabul edip etmedi\u011fini belirlemek i\u00e7in ge\u00e7ici bir \u00e7erez ayarlayaca\u011f\u0131z.<\/li>\n<li>Giri\u015f yapt\u0131\u011f\u0131n\u0131zda, giri\u015f bilgilerinizi ve ekran g\u00f6r\u00fcnt\u00fcleme se\u00e7iminizi kaydetmek i\u00e7in birka\u00e7 \u00e7erez kaydedece\u011fiz.<\/li>\n<\/ul>\n<p><strong>Di\u011fer Sitelerden G\u00f6m\u00fclen \u0130\u00e7erik<\/strong><\/p>\n<ul>\n<li>Bu sitedeki makaleler g\u00f6m\u00fcl\u00fc i\u00e7erik (\u00f6r. videolar, resimler, makaleler, vb.) I\u00e7erebilir.<\/li>\n<li>Di\u011fer web sitelerinden g\u00f6m\u00fclen i\u00e7erik, ziyaret\u00e7inin di\u011fer web sitesini ziyaret etmi\u015f gibi, tam olarak ayn\u0131 \u015fekilde davran\u0131r.<\/li>\n<\/ul>\n<p><strong>Analiz<\/strong><\/p>\n<ul>\n<li>Bu sitede, ziyaret\u00e7i davran\u0131\u015flar\u0131n\u0131 analiz etmek ve siteyi iyile\u015ftirmek i\u00e7in analiz ara\u00e7lar\u0131 kullan\u0131yoruz.<\/li>\n<\/ul>\n<p><strong>Verilerinizi Kimlerle Payla\u015f\u0131yoruz?<\/strong><\/p>\n<ul>\n<li>Ki\u015fisel bilgilerinizi, \u00fc\u00e7\u00fcnc\u00fc taraflarla payla\u015fm\u0131yoruz.<\/li>\n<\/ul>\n<p><strong>Verilerinizi Ne Kadar S\u00fcre Tutar\u0131z?<\/strong><\/p>\n<ul>\n<li>Bir yorum b\u0131rak\u0131rsan\u0131z, yorum ve meta verileri s\u00fcresiz olarak saklan\u0131r.<\/li>\n<li>Web sitemize kay\u0131t yapt\u0131ran kullan\u0131c\u0131lar i\u00e7in (varsa) kullan\u0131c\u0131 profilinde sa\u011flad\u0131klar\u0131 ki\u015fisel bilgileri de saklar\u0131z.<\/li>\n<\/ul>\n<p><strong>Verileriniz \u00dczerindeki Haklar\u0131n\u0131z Neler?<\/strong><\/p>\n<ul>\n<li>Bu sitede bir hesab\u0131n\u0131z veya yorumlar\u0131n\u0131z varsa, bize sa\u011flad\u0131\u011f\u0131n\u0131z veriler dahil olmak \u00fczere, hakk\u0131n\u0131zda tuttu\u011fumuz ki\u015fisel verilerin d\u0131\u015fa aktar\u0131lm\u0131\u015f bir dosyas\u0131n\u0131 almay\u0131 isteyebilirsiniz.<\/li>\n<li>Ayr\u0131ca, hakk\u0131n\u0131zda tuttu\u011fumuz t\u00fcm ki\u015fisel verileri de silmeyi isteyebilirsiniz.<\/li>\n<\/ul>\n<p><strong>Verinizi Nereye G\u00f6nderiyoruz?<\/strong><\/p>\n<ul>\n<li>Ziyaret\u00e7i yorumlar\u0131 otomatik istenmeyen yorum alg\u0131lama servisi arac\u0131l\u0131\u011f\u0131yla kontrol edilebilir.<\/li>\n<\/ul>\n<p><strong>\u0130leti\u015fim Bilgileriniz<\/strong><\/p>\n<ul>\n<li>\u0130leti\u015fim formlar\u0131n\u0131 doldurdu\u011funuzda, ad\u0131n\u0131z, e-posta adresiniz ve mesaj\u0131n\u0131z gibi ki\u015fisel bilgilerinizi toplar\u0131z.<\/li>\n<\/ul>\n<p><strong>Ek Bilgi<\/strong><\/p>\n<ul>\n<li>Bu Gizlilik Politikas\u0131, T\u00fcrkiye Cumhuriyeti kanunlar\u0131na g\u00f6re d\u00fczenlenmi\u015ftir ve T\u00fcrkiye Cumhuriyeti mahkemelerinin m\u00fcnhas\u0131r yarg\u0131 yetkisine tabidir.<\/li>\n<\/ul>\n<p><strong>Verinizi Nas\u0131l Koruyoruz?<\/strong><\/p>\n<ul>\n<li>Ki\u015fisel bilgilerinizi, \u00fc\u00e7\u00fcnc\u00fc taraflarla payla\u015fm\u0131yoruz.<\/li>\n<li>Verilerinizi, g\u00fcvenli bir \u015fekilde sakl\u0131yoruz.<\/li>\n<\/ul>\n<p><strong>Hangi Veri \u0130hlali Prosed\u00fcrlerimiz Var?<\/strong><\/p>\n<ul>\n<li>Veri ihlali durumunda, ilgili makamlara haber veriyoruz.<\/li>\n<\/ul>\n<p><strong>Hangi \u00dc\u00e7\u00fcnc\u00fc Taraflardan Veri Al\u0131yoruz?<\/strong><\/p>\n<ul>\n<li>\u00dc\u00e7\u00fcnc\u00fc taraflardan veri alm\u0131yoruz.<\/li>\n<\/ul>\n<p><strong>Kullan\u0131c\u0131 Verileriyle Ne Tip Otomatik Karar Verme ve\/veya Profilleme Yap\u0131yoruz?<\/strong><\/p>\n<ul>\n<li>Otomatik karar verme ve\/veya profilleme yapm\u0131yoruz.<\/li>\n<\/ul>\n<p><strong>Sanayi Bakanl\u0131\u011f\u0131 Kamuyu Ayd\u0131nlatma Y\u00fck\u00fcml\u00fcl\u00fc\u011f\u00fc<\/strong><\/p>\n<ul>\n<li>Sanayi ve Ticaret Bakanl\u0131\u011f\u0131&#8217;n\u0131n kamuyu ayd\u0131nlatma y\u00fck\u00fcml\u00fcl\u00fc\u011f\u00fc \u00e7er\u00e7evesinde, ki\u015fisel bilgilerinizi koruyoruz.<\/li>\n<li>\n<div class=\"chat-list relative custom-scrollbar-reset-margin custom-scrollbar custom-scrollbar-hidden custom-scrollbar-float pb-9 flex-1 overflow-y-auto\">\n<div class=\"mx-auto max-w-[790px]\">\n<div class=\"message-item-outer relative px-4 mb-2\" data-id=\"4a9dfe6c-84a6-4531-9890-23975e315820\">\n<div class=\"content-area pl-[0px]\">\n<div class=\"message-item select-text relative\">\n<div class=\"message-inner relative\">\n<div class=\"py-[2px]\">\n<div class=\"flex flex-col gap-2\">\n<div class=\"answer-markdown-box overflow-x-auto select-text custom-scrollbar\">\n<div class=\"markdown-body\">\n<p><strong>\u0130htilaf Halinde Yetkili Mahkeme<\/strong><\/p>\n<p>\u0130\u015fbu Gizlilik Politikas\u0131&#8217;ndan kaynaklanan veya i\u015fbu Gizlilik Politikas\u0131 ile ilgili olan t\u00fcm ihtilaflar, T\u00fcrkiye Cumhuriyeti Bursa mahkemeleri ve icra dairelerinin m\u00fcnhas\u0131r yarg\u0131 yetkisine tabidir. Taraflar, i\u015fbu Gizlilik Politikas\u0131&#8217;ndan kaynaklanan veya i\u015fbu Gizlilik Politikas\u0131 ile ilgili olan t\u00fcm ihtilaflar\u0131n \u00e7\u00f6z\u00fcm\u00fc i\u00e7in Bursa mahkemeleri ve icra dairelerinin yetkisini kabul ederler.<\/p>\n<\/div>\n<\/div>\n<\/div>\n<div class=\"compare-btn group relative z-10 text-xs my-3 flex select-none rounded-full w-fit overflow-hidden\"><\/div>\n<div class=\"flex\">\n<div class=\"actions relative -left-[6px] h-[26px] mt-[2px] z-20 gap-0 flex justify-start items-center !visible mb-[6px]\">\n<div class=\"action-btn shrink-0 size-[26px] flex-center text-text-primary-3 cursor-pointer rounded-[6px] hover:text-text-primary-2 hover:bg-grey-fill1-hover\"><\/div>\n<div>\n<div class=\"action-btn shrink-0 size-[26px] flex-center text-text-primary-3 cursor-pointer rounded-[6px] hover:text-text-primary-2 hover:bg-grey-fill1-hover\"><\/div>\n<\/div>\n<div>\n<div class=\"action-btn shrink-0 size-[26px] flex-center text-text-primary-3 cursor-pointer rounded-[6px] hover:text-text-primary-2 hover:bg-grey-fill1-hover\"><\/div>\n<\/div>\n<div>\n<div class=\"action-btn shrink-0 size-[26px] flex-center text-text-primary-3 cursor-pointer rounded-[6px] hover:text-text-primary-2 hover:bg-grey-fill1-hover\"><\/div>\n<\/div>\n<div class=\"cursor-pointer flex items-center speak-action action-btn shrink-0 text-text-primary-3 cursor-pointer\">\n<div class=\"shrink-0 flex-center rounded-[6px] hover:bg-darken2 active:bg-darken3 w-[26px] h-[26px] hover:text-text-primary-2\"><\/div>\n<div class=\"hover:text-[--gpts-primary-text-color] hover:bg-darken2 active:bg-darken3 self-stretch flex items-center px-[2px] rounded-[6px]  invisible ant-dropdown-trigger\"><\/div>\n<\/div>\n<\/div>\n<\/div>\n<\/div>\n<\/div>\n<\/div>\n<\/div>\n<\/div>\n<\/div>\n<\/div>\n<div>\n<div class=\"input-box relative max-w-[790px] mx-auto\">\n<div class=\"flex justify-center relative z-[100] transition-all invisible opacity-0 translate-y-2\">\n<div class=\"absolute -top-9 size-8 end-3 rounded-full bg-grey-layer3-normal\">\n<div class=\"size-full text-text-primary-1 flex-center rounded-full hover:bg-grey-fill1-hover cursor-pointer\"><\/div>\n<\/div>\n<\/div>\n<div class=\"flex justify-center z-[100] relative h-0 invisible opacity-0 translate-y-2 transition-all\">\n<div class=\"absolute inset-x-0 h-8 mx-auto w-fit z-[100] top-[-36px]\">\n<div class=\"bg-grey-layer2-normal rounded-full size-full\">\n<div class=\"text-xs size-full flex-center border gap-[7px] rounded-full ps-2 pe-[12px] cursor-pointer text-text-primary-1 bg-grey-layer2-normal hover:bg-grey-fill1-hover active:bg-grey-fill1-click shadow-[0_0_0_1px_var(--sds-color-grey-line2-normal),0_2px_8px_#0c0d1905,0_4px_16px_#0c0d1905,0_8px_32px_#0c0d1914]\"><\/div>\n<\/div>\n<\/div>\n<\/div>\n<div class=\"chat-input-box relative bg-grey-layer2-normal px-3 max-w-[790px] mx-auto pb-1\">\n<div class=\"relative w-full\">\n<div class=\"absolute bottom-0 left-0 right-0 z-30\"><\/div>\n<\/div>\n<div class=\"main-input-area\">\n<div class=\"chat-input-top-bar gap-2 py-2 flex justify-start items-center\">\n<div class=\"flex gap-[6px] min-w-[90px] max-w-[calc(100%-40px)]\">\n<div class=\"text-xs overflow-hidden\">\n<div class=\"model-btn flex justify-center items-center cursor-pointer ps-[6px] pe-[5px] py-[7px] leading-4 rounded-3xl gap-[2px]\">\n<div class=\"icon flex justify-center items-center rounded-full h-4 w-4 ms-[1px] me-[2px]\">\n<div class=\"flex items-center justify-center rounded-full\"><\/div>\n<\/div>\n<div class=\"flex items-center pl-[2px] pr-[2px] transition-transform duration-100\"><\/div>\n<\/div>\n<\/div>\n<div class=\"flex gap-0\">\n<div class=\"topbar-btn text-text-primary-1 h-[30px] w-[30px] flex overflow-hidden items-center justify-center text-xs leading-4 rounded-lg model-btn model-btn-no-bg\" role=\"button\"><\/div>\n<div class=\"topbar-btn h-[30px] w-[30px] text-text-primary-1 flex overflow-hidden  items-center justify-center text-xs leading-4 rounded-lg model-btn model-btn-no-bg\" role=\"button\"><\/div>\n<div class=\"relative\">\n<div class=\"topbar-btn h-[30px] w-[30px] flex overflow-hidden text-text-primary-1 items-center justify-center text-xs leading-4 rounded-lg model-btn model-btn-no-bg\" role=\"button\"><\/div>\n<\/div>\n<\/div>\n<\/div>\n<div class=\"flex items-center ms-auto\">\n<div class=\"topbar-btn h-[30px] relative text-text-primary-1 w-[30px] model-btn model-btn-no-bg overflow-hidden flex items-center justify-center text-xs p-[5px] rounded-lg\"><\/div>\n<div class=\"topbar-btn h-[30px] text-text-primary-1 w-[30px] model-btn model-btn-no-bg overflow-hidden flex items-center justify-center text-xs p-[5px] rounded-lg\"><\/div>\n<div class=\"topbar-btn h-[30px] w-[30px] model-btn model-btn-no-bg overflow-hidden flex items-center justify-center text-xs p-[5px] rounded-lg\"><\/div>\n<\/div>\n<\/div>\n<div class=\"prompt-panel-container\">\n<div class=\"relative invisible opacity-0 translate-y-2 transition-all z-30 pointer-events-none\"><\/div>\n<\/div>\n<div class=\"chat-input-area relative z-10 min-h-[97px] rounded-2xl border flex-1 items-center pb-[6px] border-1 border-solid border-grey-line2-normal hover:border-grey-line2-hover cursor-text  !min-h-[89px]\">\n<div class=\"px-[12px] pe-[2px] mt-1 pt-[6px] pb-[2px] flex flex-col gap-1\">\n<div class=\"relative\"><\/div>\n<\/div>\n<\/div>\n<\/div>\n<\/div>\n<\/div>\n<\/div>\n<\/li>\n<\/ul>\n","protected":false},"excerpt":{"rendered":"<p>Gizlilik Politikas\u0131 Bu Gizlilik Politikas\u0131, T\u00fcrkiye Cumhuriyeti kanunlar\u0131na g\u00f6re d\u00fczenlenmi\u015ftir ve T\u00fcrkiye Cumhuriyeti mahkemelerinin m\u00fcnhas\u0131r yarg\u0131 yetkisine tabidir. Hangi Ki\u015fisel Bilgileri Ne Ama\u00e7la Topluyoruz? Yorumlar: Ziyaret\u00e7iler sitede yorum b\u0131rakt\u0131\u011f\u0131nda, yorum formunda g\u00f6sterilen verileri ve ayr\u0131ca istenmeyen yorum tespitine yard\u0131mc\u0131 olmak i\u00e7in ziyaret\u00e7inin IP adresi ve taray\u0131c\u0131 bilgisi metnini de toplar\u0131z. E-posta adresinizden olu\u015fturulmu\u015f anonimle\u015ftirilmi\u015f bir<\/p>","protected":false},"author":1,"featured_media":0,"parent":0,"menu_order":0,"comment_status":"closed","ping_status":"closed","template":"","meta":{"footnotes":""},"class_list":["post-3","page","type-page","status-publish","hentry"],"yoast_head":"<!-- This site is optimized with the Yoast SEO Premium plugin v27.2 (Yoast SEO v27.4) - https:\/\/yoast.com\/product\/yoast-seo-premium-wordpress\/ -->\n<title>Gizlilik Politikas\u0131 - Bitki Bilgi<\/title>\n<meta name=\"robots\" content=\"index, follow, max-snippet:-1, max-image-preview:large, max-video-preview:-1\" \/>\n<link rel=\"canonical\" href=\"https:\/\/bitkibilgi.com\/en\/gizlilik-politikasi\/\" \/>\n<meta property=\"og:locale\" content=\"en_US\" \/>\n<meta property=\"og:type\" content=\"article\" \/>\n<meta property=\"og:title\" content=\"Gizlilik Politikas\u0131\" \/>\n<meta property=\"og:description\" content=\"Gizlilik Politikas\u0131 Bu Gizlilik Politikas\u0131, T\u00fcrkiye Cumhuriyeti kanunlar\u0131na g\u00f6re d\u00fczenlenmi\u015ftir ve T\u00fcrkiye Cumhuriyeti mahkemelerinin m\u00fcnhas\u0131r yarg\u0131 yetkisine tabidir. Hangi Ki\u015fisel Bilgileri Ne Ama\u00e7la Topluyoruz? Yorumlar: Ziyaret\u00e7iler sitede yorum b\u0131rakt\u0131\u011f\u0131nda, yorum formunda g\u00f6sterilen verileri ve ayr\u0131ca istenmeyen yorum tespitine yard\u0131mc\u0131 olmak i\u00e7in ziyaret\u00e7inin IP adresi ve taray\u0131c\u0131 bilgisi metnini de toplar\u0131z. E-posta adresinizden olu\u015fturulmu\u015f anonimle\u015ftirilmi\u015f bir\" \/>\n<meta property=\"og:url\" content=\"https:\/\/bitkibilgi.com\/en\/gizlilik-politikasi\/\" \/>\n<meta property=\"og:site_name\" content=\"Bitki Bilgi\" \/>\n<meta property=\"article:publisher\" content=\"https:\/\/www.facebook.com\/\" \/>\n<meta property=\"article:modified_time\" content=\"2025-01-01T17:18:02+00:00\" \/>\n<meta name=\"twitter:card\" content=\"summary_large_image\" \/>\n<meta name=\"twitter:label1\" content=\"Est. reading time\" \/>\n\t<meta name=\"twitter:data1\" content=\"3 minutes\" \/>\n<script type=\"application\/ld+json\" class=\"yoast-schema-graph\">{\"@context\":\"https:\\\/\\\/schema.org\",\"@graph\":[{\"@type\":\"WebPage\",\"@id\":\"https:\\\/\\\/bitkibilgi.com\\\/gizlilik-politikasi\\\/\",\"url\":\"https:\\\/\\\/bitkibilgi.com\\\/gizlilik-politikasi\\\/\",\"name\":\"Gizlilik Politikas\u0131 - Bitki Bilgi\",\"isPartOf\":{\"@id\":\"https:\\\/\\\/bitkibilgi.com\\\/#website\"},\"datePublished\":\"2018-07-18T15:17:23+00:00\",\"dateModified\":\"2025-01-01T17:18:02+00:00\",\"breadcrumb\":{\"@id\":\"https:\\\/\\\/bitkibilgi.com\\\/gizlilik-politikasi\\\/#breadcrumb\"},\"inLanguage\":\"en-US\",\"potentialAction\":[{\"@type\":\"ReadAction\",\"target\":[\"https:\\\/\\\/bitkibilgi.com\\\/gizlilik-politikasi\\\/\"]}]},{\"@type\":\"BreadcrumbList\",\"@id\":\"https:\\\/\\\/bitkibilgi.com\\\/gizlilik-politikasi\\\/#breadcrumb\",\"itemListElement\":[{\"@type\":\"ListItem\",\"position\":1,\"name\":\"Ana sayfa\",\"item\":\"https:\\\/\\\/bitkibilgi.com\\\/\"},{\"@type\":\"ListItem\",\"position\":2,\"name\":\"Gizlilik Politikas\u0131\"}]},{\"@type\":\"WebSite\",\"@id\":\"https:\\\/\\\/bitkibilgi.com\\\/#website\",\"url\":\"https:\\\/\\\/bitkibilgi.com\\\/\",\"name\":\"Bitki Bilgi\",\"description\":\"Bitkiler ile do\u011fal tedavi bilgileri...\",\"publisher\":{\"@id\":\"https:\\\/\\\/bitkibilgi.com\\\/#organization\"},\"potentialAction\":[{\"@type\":\"SearchAction\",\"target\":{\"@type\":\"EntryPoint\",\"urlTemplate\":\"https:\\\/\\\/bitkibilgi.com\\\/?s={search_term_string}\"},\"query-input\":{\"@type\":\"PropertyValueSpecification\",\"valueRequired\":true,\"valueName\":\"search_term_string\"}}],\"inLanguage\":\"en-US\"},{\"@type\":\"Organization\",\"@id\":\"https:\\\/\\\/bitkibilgi.com\\\/#organization\",\"name\":\"Aktarland\",\"url\":\"https:\\\/\\\/bitkibilgi.com\\\/\",\"logo\":{\"@type\":\"ImageObject\",\"inLanguage\":\"en-US\",\"@id\":\"https:\\\/\\\/bitkibilgi.com\\\/#\\\/schema\\\/logo\\\/image\\\/\",\"url\":\"https:\\\/\\\/bitkibilgi.com\\\/wp-content\\\/uploads\\\/2018\\\/07\\\/bitkibilgi_logomini.png\",\"contentUrl\":\"https:\\\/\\\/bitkibilgi.com\\\/wp-content\\\/uploads\\\/2018\\\/07\\\/bitkibilgi_logomini.png\",\"width\":200,\"height\":80,\"caption\":\"Aktarland\"},\"image\":{\"@id\":\"https:\\\/\\\/bitkibilgi.com\\\/#\\\/schema\\\/logo\\\/image\\\/\"},\"sameAs\":[\"https:\\\/\\\/www.facebook.com\\\/\"]}]}<\/script>\n<!-- \/ Yoast SEO Premium plugin. -->","yoast_head_json":{"title":"Gizlilik Politikas\u0131 - Bitki Bilgi","robots":{"index":"index","follow":"follow","max-snippet":"max-snippet:-1","max-image-preview":"max-image-preview:large","max-video-preview":"max-video-preview:-1"},"canonical":"https:\/\/bitkibilgi.com\/en\/gizlilik-politikasi\/","og_locale":"en_US","og_type":"article","og_title":"Gizlilik Politikas\u0131","og_description":"Gizlilik Politikas\u0131 Bu Gizlilik Politikas\u0131, T\u00fcrkiye Cumhuriyeti kanunlar\u0131na g\u00f6re d\u00fczenlenmi\u015ftir ve T\u00fcrkiye Cumhuriyeti mahkemelerinin m\u00fcnhas\u0131r yarg\u0131 yetkisine tabidir. Hangi Ki\u015fisel Bilgileri Ne Ama\u00e7la Topluyoruz? Yorumlar: Ziyaret\u00e7iler sitede yorum b\u0131rakt\u0131\u011f\u0131nda, yorum formunda g\u00f6sterilen verileri ve ayr\u0131ca istenmeyen yorum tespitine yard\u0131mc\u0131 olmak i\u00e7in ziyaret\u00e7inin IP adresi ve taray\u0131c\u0131 bilgisi metnini de toplar\u0131z. E-posta adresinizden olu\u015fturulmu\u015f anonimle\u015ftirilmi\u015f bir","og_url":"https:\/\/bitkibilgi.com\/en\/gizlilik-politikasi\/","og_site_name":"Bitki Bilgi","article_publisher":"https:\/\/www.facebook.com\/","article_modified_time":"2025-01-01T17:18:02+00:00","twitter_card":"summary_large_image","twitter_misc":{"Est. reading time":"3 minutes"},"schema":{"@context":"https:\/\/schema.org","@graph":[{"@type":"WebPage","@id":"https:\/\/bitkibilgi.com\/gizlilik-politikasi\/","url":"https:\/\/bitkibilgi.com\/gizlilik-politikasi\/","name":"Gizlilik Politikas\u0131 - Bitki Bilgi","isPartOf":{"@id":"https:\/\/bitkibilgi.com\/#website"},"datePublished":"2018-07-18T15:17:23+00:00","dateModified":"2025-01-01T17:18:02+00:00","breadcrumb":{"@id":"https:\/\/bitkibilgi.com\/gizlilik-politikasi\/#breadcrumb"},"inLanguage":"en-US","potentialAction":[{"@type":"ReadAction","target":["https:\/\/bitkibilgi.com\/gizlilik-politikasi\/"]}]},{"@type":"BreadcrumbList","@id":"https:\/\/bitkibilgi.com\/gizlilik-politikasi\/#breadcrumb","itemListElement":[{"@type":"ListItem","position":1,"name":"Ana sayfa","item":"https:\/\/bitkibilgi.com\/"},{"@type":"ListItem","position":2,"name":"Gizlilik Politikas\u0131"}]},{"@type":"WebSite","@id":"https:\/\/bitkibilgi.com\/#website","url":"https:\/\/bitkibilgi.com\/","name":"Plant Information","description":"Natural treatment information with plants...","publisher":{"@id":"https:\/\/bitkibilgi.com\/#organization"},"potentialAction":[{"@type":"SearchAction","target":{"@type":"EntryPoint","urlTemplate":"https:\/\/bitkibilgi.com\/?s={search_term_string}"},"query-input":{"@type":"PropertyValueSpecification","valueRequired":true,"valueName":"search_term_string"}}],"inLanguage":"en-US"},{"@type":"Organization","@id":"https:\/\/bitkibilgi.com\/#organization","name":"Transferland","url":"https:\/\/bitkibilgi.com\/","logo":{"@type":"ImageObject","inLanguage":"en-US","@id":"https:\/\/bitkibilgi.com\/#\/schema\/logo\/image\/","url":"https:\/\/bitkibilgi.com\/wp-content\/uploads\/2018\/07\/bitkibilgi_logomini.png","contentUrl":"https:\/\/bitkibilgi.com\/wp-content\/uploads\/2018\/07\/bitkibilgi_logomini.png","width":200,"height":80,"caption":"Aktarland"},"image":{"@id":"https:\/\/bitkibilgi.com\/#\/schema\/logo\/image\/"},"sameAs":["https:\/\/www.facebook.com\/"]}]}},"_links":{"self":[{"href":"https:\/\/bitkibilgi.com\/en\/wp-json\/wp\/v2\/pages\/3","targetHints":{"allow":["GET"]}}],"collection":[{"href":"https:\/\/bitkibilgi.com\/en\/wp-json\/wp\/v2\/pages"}],"about":[{"href":"https:\/\/bitkibilgi.com\/en\/wp-json\/wp\/v2\/types\/page"}],"author":[{"embeddable":true,"href":"https:\/\/bitkibilgi.com\/en\/wp-json\/wp\/v2\/users\/1"}],"replies":[{"embeddable":true,"href":"https:\/\/bitkibilgi.com\/en\/wp-json\/wp\/v2\/comments?post=3"}],"version-history":[{"count":2,"href":"https:\/\/bitkibilgi.com\/en\/wp-json\/wp\/v2\/pages\/3\/revisions"}],"predecessor-version":[{"id":22891,"href":"https:\/\/bitkibilgi.com\/en\/wp-json\/wp\/v2\/pages\/3\/revisions\/22891"}],"wp:attachment":[{"href":"https:\/\/bitkibilgi.com\/en\/wp-json\/wp\/v2\/media?parent=3"}],"curies":[{"name":"wp","href":"https:\/\/api.w.org\/{rel}","templated":true}]}}